{"id":1481,"date":"2025-10-07T09:50:28","date_gmt":"2025-10-07T08:50:28","guid":{"rendered":"https:\/\/www.uniroma3.it\/int\/?page_id=1481"},"modified":"2025-10-07T09:58:04","modified_gmt":"2025-10-07T08:58:04","slug":"classical-studies","status":"publish","type":"page","link":"https:\/\/www.uniroma3.it\/int\/education\/study-programmes\/study-programmes-in-italian\/masters-degree\/classical-studies\/","title":{"rendered":"Classical Studies"},"content":{"rendered":"\n\n\t<h2>Classical Studies<\/h2>\n<p>The Master&#8217;s Degree in Classical Studies (LM-15) at Roma Tre University offers advanced training in Greek and Latin literature, classical philology, and ancient history. Building on undergraduate knowledge, the programme provides a standard curriculum and the opportunity to take part in the European Master in Classical Cultures (EMCC), a joint degree pathway delivered in cooperation with Westf\u00e4lische Wilhelms-Universit\u00e4t M\u00fcnster, Albert-Ludwigs-Universit\u00e4t Freiburg i.Br., Universit\u00e4t Hamburg (Germany), Universit\u00e9 Jean Jaur\u00e8s Toulouse (France), and Uniwersytet im. Adama Mickiewicza w Poznaniu (Poland).\u00a0<\/p>\n<p>The study plan is flexible and interdisciplinary, with core modules in Greek and Latin language and literature, ancient history, and related methodologies. Additional credits are earned through seminars, laboratory work, and internships. A significant portion of the final year is devoted to individual research, culminating in a thesis worth 30 ECTS, which may be co-supervised and defended as part of the EMCC pathway.\u00a0<\/p>\n<p>Graduates are qualified for careers in education, archives, publishing, cultural heritage, libraries, and research. They are also eligible to apply for doctoral programmes and teacher training pathways in Classical Studies, Ancient History, or related fields. The degree cultivates advanced philological and analytical skills applicable in both academic and professional contexts.\u00a0<\/p>\n\t<h3><span class=\"screen-reader-text\" id=\"identifier__128779-1\">Link identifier #identifier__128779-1<\/span><a aria-labelledby='identifier__128779-1'  href=\"https:\/\/www.uniroma3.it\/int\/education\/study-programmes\/study-programmes-in-italian\/masters-degree\/classical-studies\/master-in-classical-studies\/\">How to Enroll<\/a><\/h3>\n<h4><span class=\"screen-reader-text\" id=\"identifier__131781-2\">Link identifier #identifier__131781-2<\/span><a aria-labelledby='identifier__131781-2'  href=\"https:\/\/gomp.uniroma3.it\/NewRegistration?AccademicYear=2025&amp;TypeM=CorsoDiStudio&amp;Years=3,5,6&amp;msection=GridMenu&amp;mparent=e14f816c-1371-4b17-b061-d47f2eedd297\">Application Form<\/a><\/h4>\n\n","protected":false},"excerpt":{"rendered":"<div class=\"entry-summary\"><div class=\"entry-summary\">\n<p>Classical Studies The Master&#8217;s Degree in Classical Studies (LM-15) at Roma Tre University offers advanced training in Greek<a class=\"moretag\" href=\"https:\/\/www.uniroma3.it\/int\/education\/study-programmes\/study-programmes-in-italian\/masters-degree\/classical-studies\/\"> Read the full article&#8230;<\/a><\/p>\n<\/div>\n<\/div>","protected":false},"author":7,"featured_media":0,"parent":314,"menu_order":0,"comment_status":"closed","ping_status":"closed","template":"","meta":[],"acf":[],"yoast_head":"<!-- This site is optimized with the Yoast SEO plugin v14.8.1 - https:\/\/yoast.com\/wordpress\/plugins\/seo\/ -->\n<title>Classical Studies - Roma Tre University<\/title>\n<meta name=\"robots\" content=\"index, follow\" \/>\n<meta name=\"googlebot\" content=\"index, follow, max-snippet:-1, max-image-preview:large, max-video-preview:-1\" \/>\n<meta name=\"bingbot\" content=\"index, follow, max-snippet:-1, max-image-preview:large, max-video-preview:-1\" \/>\n<meta property=\"og:locale\" content=\"en_US\" \/>\n<meta property=\"og:type\" content=\"article\" \/>\n<meta property=\"og:title\" content=\"Classical Studies - Roma Tre University\" \/>\n<meta property=\"og:description\" content=\"Classical Studies The Master&#8217;s Degree in Classical Studies (LM-15) at Roma Tre University offers advanced training in Greek Read the full article...\" \/>\n<meta property=\"og:url\" content=\"https:\/\/www.uniroma3.it\/int\/education\/study-programmes\/study-programmes-in-italian\/masters-degree\/classical-studies\/\" \/>\n<meta property=\"og:site_name\" content=\"Roma Tre University\" \/>\n<meta property=\"article:modified_time\" content=\"2025-10-07T08:58:04+00:00\" \/>\n<meta name=\"twitter:card\" content=\"summary_large_image\" \/>\n<script type=\"application\/ld+json\" class=\"yoast-schema-graph\">{\"@context\":\"https:\/\/schema.org\",\"@graph\":[{\"@type\":\"WebSite\",\"@id\":\"https:\/\/www.uniroma3.it\/int\/#website\",\"url\":\"https:\/\/www.uniroma3.it\/int\/\",\"name\":\"Roma Tre University\",\"description\":\"Roma Tre University is a young university, founded with young people in mind. Established in 1992, it has rapidly grown both in terms of student numbers and in the range of academic programmes offered. It currently has 13 departments offering Bachelor&#039;s and Master&#039;s degrees, postgraduate diplomas, advanced training courses, PhD programmes, and schools of specialisation.\",\"potentialAction\":[{\"@type\":\"SearchAction\",\"target\":\"https:\/\/www.uniroma3.it\/int\/?s={search_term_string}\",\"query-input\":\"required name=search_term_string\"}],\"inLanguage\":\"en-US\"},{\"@type\":\"WebPage\",\"@id\":\"https:\/\/www.uniroma3.it\/int\/education\/study-programmes\/study-programmes-in-italian\/masters-degree\/classical-studies\/#webpage\",\"url\":\"https:\/\/www.uniroma3.it\/int\/education\/study-programmes\/study-programmes-in-italian\/masters-degree\/classical-studies\/\",\"name\":\"Classical Studies - Roma Tre University\",\"isPartOf\":{\"@id\":\"https:\/\/www.uniroma3.it\/int\/#website\"},\"datePublished\":\"2025-10-07T08:50:28+00:00\",\"dateModified\":\"2025-10-07T08:58:04+00:00\",\"breadcrumb\":{\"@id\":\"https:\/\/www.uniroma3.it\/int\/education\/study-programmes\/study-programmes-in-italian\/masters-degree\/classical-studies\/#breadcrumb\"},\"inLanguage\":\"en-US\",\"potentialAction\":[{\"@type\":\"ReadAction\",\"target\":[\"https:\/\/www.uniroma3.it\/int\/education\/study-programmes\/study-programmes-in-italian\/masters-degree\/classical-studies\/\"]}]},{\"@type\":\"BreadcrumbList\",\"@id\":\"https:\/\/www.uniroma3.it\/int\/education\/study-programmes\/study-programmes-in-italian\/masters-degree\/classical-studies\/#breadcrumb\",\"itemListElement\":[{\"@type\":\"ListItem\",\"position\":1,\"item\":{\"@type\":\"WebPage\",\"@id\":\"https:\/\/www.uniroma3.it\/int\/\",\"url\":\"https:\/\/www.uniroma3.it\/int\/\",\"name\":\"Home\"}},{\"@type\":\"ListItem\",\"position\":2,\"item\":{\"@type\":\"WebPage\",\"@id\":\"https:\/\/www.uniroma3.it\/int\/education\/\",\"url\":\"https:\/\/www.uniroma3.it\/int\/education\/\",\"name\":\"Education\"}},{\"@type\":\"ListItem\",\"position\":3,\"item\":{\"@type\":\"WebPage\",\"@id\":\"https:\/\/www.uniroma3.it\/int\/education\/study-programmes\/\",\"url\":\"https:\/\/www.uniroma3.it\/int\/education\/study-programmes\/\",\"name\":\"Study Programmes\"}},{\"@type\":\"ListItem\",\"position\":4,\"item\":{\"@type\":\"WebPage\",\"@id\":\"https:\/\/www.uniroma3.it\/int\/education\/study-programmes\/study-programmes-in-italian\/\",\"url\":\"https:\/\/www.uniroma3.it\/int\/education\/study-programmes\/study-programmes-in-italian\/\",\"name\":\"Study Programmes in Italian\"}},{\"@type\":\"ListItem\",\"position\":5,\"item\":{\"@type\":\"WebPage\",\"@id\":\"https:\/\/www.uniroma3.it\/int\/education\/study-programmes\/study-programmes-in-italian\/masters-degree\/\",\"url\":\"https:\/\/www.uniroma3.it\/int\/education\/study-programmes\/study-programmes-in-italian\/masters-degree\/\",\"name\":\"Master\\u2019s Degree\"}},{\"@type\":\"ListItem\",\"position\":6,\"item\":{\"@type\":\"WebPage\",\"@id\":\"https:\/\/www.uniroma3.it\/int\/education\/study-programmes\/study-programmes-in-italian\/masters-degree\/classical-studies\/\",\"url\":\"https:\/\/www.uniroma3.it\/int\/education\/study-programmes\/study-programmes-in-italian\/masters-degree\/classical-studies\/\",\"name\":\"Classical Studies\"}}]}]}<\/script>\n<!-- \/ Yoast SEO plugin. -->","_links":{"self":[{"href":"https:\/\/www.uniroma3.it\/int\/wp-json\/wp\/v2\/pages\/1481"}],"collection":[{"href":"https:\/\/www.uniroma3.it\/int\/wp-json\/wp\/v2\/pages"}],"about":[{"href":"https:\/\/www.uniroma3.it\/int\/wp-json\/wp\/v2\/types\/page"}],"author":[{"embeddable":true,"href":"https:\/\/www.uniroma3.it\/int\/wp-json\/wp\/v2\/users\/7"}],"replies":[{"embeddable":true,"href":"https:\/\/www.uniroma3.it\/int\/wp-json\/wp\/v2\/comments?post=1481"}],"version-history":[{"count":3,"href":"https:\/\/www.uniroma3.it\/int\/wp-json\/wp\/v2\/pages\/1481\/revisions"}],"predecessor-version":[{"id":1487,"href":"https:\/\/www.uniroma3.it\/int\/wp-json\/wp\/v2\/pages\/1481\/revisions\/1487"}],"up":[{"embeddable":true,"href":"https:\/\/www.uniroma3.it\/int\/wp-json\/wp\/v2\/pages\/314"}],"wp:attachment":[{"href":"https:\/\/www.uniroma3.it\/int\/wp-json\/wp\/v2\/media?parent=1481"}],"curies":[{"name":"wp","href":"https:\/\/api.w.org\/{rel}","templated":true}]}}