{"id":1504,"date":"2025-10-07T10:20:12","date_gmt":"2025-10-07T09:20:12","guid":{"rendered":"https:\/\/www.uniroma3.it\/int\/?page_id=1504"},"modified":"2025-10-07T10:23:04","modified_gmt":"2025-10-07T09:23:04","slug":"history-and-societies","status":"publish","type":"page","link":"https:\/\/www.uniroma3.it\/int\/education\/study-programmes\/study-programmes-in-italian\/masters-degree\/history-and-societies\/","title":{"rendered":"History and Societies"},"content":{"rendered":"\n\n\t<h2>History and Societies<\/h2>\n<p>The Master&#8217;s Degree in History and Societies (LM-84) at Roma Tre University offers advanced academic training in historical research, encouraging critical reflection on social and political transformations across time. The programme combines historical studies with complementary disciplines such as geography, anthropology, and sociology. Students choose one of four thematic curricula, including a double degree track in European History.\u00a0<\/p>\n<p>The curriculum includes options in research methodologies, international and global history, and environmental history. The European History pathway leads to a double degree in collaboration with Humboldt-Universit\u00e4t zu Berlin, Universit\u00e9 Paris Cit\u00e9, University College Dublin, Universit\u00e0 degli Studi di Roma Tor Vergata, Tallinn University, Universidad Complutense de Madrid, University of Vienna, University of Sarajevo, University of Belgrade, Universidade NOVA de Lisboa, and University of Oslo. This includes a semester abroad and joint thesis supervision. Training is complemented by internships, language courses, and digital tools workshops.\u00a0<\/p>\n<p>Graduates are prepared for careers in education, research, publishing, media, museums, archives, and cultural organisations. The degree also offers access to doctoral programmes and teacher training, and equips students with strong analytical, communication, and historical interpretation skills applicable across multiple sectors.<\/p>\n\t<h3><span class=\"screen-reader-text\" id=\"identifier__166890-1\">Link identifier #identifier__166890-1<\/span><a aria-labelledby='identifier__166890-1'  href=\"https:\/\/www.uniroma3.it\/int\/education\/study-programmes\/study-programmes-in-italian\/masters-degree\/history-and-societies\/master-in-history-and-societies\/\">How to Enroll<\/a><\/h3>\n<h4><span class=\"screen-reader-text\" id=\"identifier__19502-2\">Link identifier #identifier__19502-2<\/span><a aria-labelledby='identifier__19502-2'  href=\"https:\/\/gomp.uniroma3.it\/NewRegistration?AccademicYear=2025&amp;TypeM=CorsoDiStudio&amp;Years=3,5,6&amp;msection=GridMenu&amp;mparent=e14f816c-1371-4b17-b061-d47f2eedd297\">Application Form<\/a><\/h4>\n\n","protected":false},"excerpt":{"rendered":"<div class=\"entry-summary\"><div class=\"entry-summary\">\n<p>History and Societies The Master&#8217;s Degree in History and Societies (LM-84) at Roma Tre University offers advanced academic<a class=\"moretag\" href=\"https:\/\/www.uniroma3.it\/int\/education\/study-programmes\/study-programmes-in-italian\/masters-degree\/history-and-societies\/\"> Read the full article&#8230;<\/a><\/p>\n<\/div>\n<\/div>","protected":false},"author":7,"featured_media":0,"parent":314,"menu_order":0,"comment_status":"closed","ping_status":"closed","template":"","meta":[],"acf":[],"yoast_head":"<!-- This site is optimized with the Yoast SEO plugin v14.8.1 - https:\/\/yoast.com\/wordpress\/plugins\/seo\/ -->\n<title>History and Societies - Roma Tre University<\/title>\n<meta name=\"robots\" content=\"index, follow\" \/>\n<meta name=\"googlebot\" content=\"index, follow, max-snippet:-1, max-image-preview:large, max-video-preview:-1\" \/>\n<meta name=\"bingbot\" content=\"index, follow, max-snippet:-1, max-image-preview:large, max-video-preview:-1\" \/>\n<meta property=\"og:locale\" content=\"en_US\" \/>\n<meta property=\"og:type\" content=\"article\" \/>\n<meta property=\"og:title\" content=\"History and Societies - Roma Tre University\" \/>\n<meta property=\"og:description\" content=\"History and Societies The Master&#8217;s Degree in History and Societies (LM-84) at Roma Tre University offers advanced academic Read the full article...\" \/>\n<meta property=\"og:url\" content=\"https:\/\/www.uniroma3.it\/int\/education\/study-programmes\/study-programmes-in-italian\/masters-degree\/history-and-societies\/\" \/>\n<meta property=\"og:site_name\" content=\"Roma Tre University\" \/>\n<meta property=\"article:modified_time\" content=\"2025-10-07T09:23:04+00:00\" \/>\n<meta name=\"twitter:card\" content=\"summary_large_image\" \/>\n<script type=\"application\/ld+json\" class=\"yoast-schema-graph\">{\"@context\":\"https:\/\/schema.org\",\"@graph\":[{\"@type\":\"WebSite\",\"@id\":\"https:\/\/www.uniroma3.it\/int\/#website\",\"url\":\"https:\/\/www.uniroma3.it\/int\/\",\"name\":\"Roma Tre University\",\"description\":\"Roma Tre University is a young university, founded with young people in mind. Established in 1992, it has rapidly grown both in terms of student numbers and in the range of academic programmes offered. It currently has 13 departments offering Bachelor&#039;s and Master&#039;s degrees, postgraduate diplomas, advanced training courses, PhD programmes, and schools of specialisation.\",\"potentialAction\":[{\"@type\":\"SearchAction\",\"target\":\"https:\/\/www.uniroma3.it\/int\/?s={search_term_string}\",\"query-input\":\"required name=search_term_string\"}],\"inLanguage\":\"en-US\"},{\"@type\":\"WebPage\",\"@id\":\"https:\/\/www.uniroma3.it\/int\/education\/study-programmes\/study-programmes-in-italian\/masters-degree\/history-and-societies\/#webpage\",\"url\":\"https:\/\/www.uniroma3.it\/int\/education\/study-programmes\/study-programmes-in-italian\/masters-degree\/history-and-societies\/\",\"name\":\"History and Societies - Roma Tre University\",\"isPartOf\":{\"@id\":\"https:\/\/www.uniroma3.it\/int\/#website\"},\"datePublished\":\"2025-10-07T09:20:12+00:00\",\"dateModified\":\"2025-10-07T09:23:04+00:00\",\"breadcrumb\":{\"@id\":\"https:\/\/www.uniroma3.it\/int\/education\/study-programmes\/study-programmes-in-italian\/masters-degree\/history-and-societies\/#breadcrumb\"},\"inLanguage\":\"en-US\",\"potentialAction\":[{\"@type\":\"ReadAction\",\"target\":[\"https:\/\/www.uniroma3.it\/int\/education\/study-programmes\/study-programmes-in-italian\/masters-degree\/history-and-societies\/\"]}]},{\"@type\":\"BreadcrumbList\",\"@id\":\"https:\/\/www.uniroma3.it\/int\/education\/study-programmes\/study-programmes-in-italian\/masters-degree\/history-and-societies\/#breadcrumb\",\"itemListElement\":[{\"@type\":\"ListItem\",\"position\":1,\"item\":{\"@type\":\"WebPage\",\"@id\":\"https:\/\/www.uniroma3.it\/int\/\",\"url\":\"https:\/\/www.uniroma3.it\/int\/\",\"name\":\"Home\"}},{\"@type\":\"ListItem\",\"position\":2,\"item\":{\"@type\":\"WebPage\",\"@id\":\"https:\/\/www.uniroma3.it\/int\/education\/\",\"url\":\"https:\/\/www.uniroma3.it\/int\/education\/\",\"name\":\"Education\"}},{\"@type\":\"ListItem\",\"position\":3,\"item\":{\"@type\":\"WebPage\",\"@id\":\"https:\/\/www.uniroma3.it\/int\/education\/study-programmes\/\",\"url\":\"https:\/\/www.uniroma3.it\/int\/education\/study-programmes\/\",\"name\":\"Study Programmes\"}},{\"@type\":\"ListItem\",\"position\":4,\"item\":{\"@type\":\"WebPage\",\"@id\":\"https:\/\/www.uniroma3.it\/int\/education\/study-programmes\/study-programmes-in-italian\/\",\"url\":\"https:\/\/www.uniroma3.it\/int\/education\/study-programmes\/study-programmes-in-italian\/\",\"name\":\"Study Programmes in Italian\"}},{\"@type\":\"ListItem\",\"position\":5,\"item\":{\"@type\":\"WebPage\",\"@id\":\"https:\/\/www.uniroma3.it\/int\/education\/study-programmes\/study-programmes-in-italian\/masters-degree\/\",\"url\":\"https:\/\/www.uniroma3.it\/int\/education\/study-programmes\/study-programmes-in-italian\/masters-degree\/\",\"name\":\"Master\\u2019s Degree\"}},{\"@type\":\"ListItem\",\"position\":6,\"item\":{\"@type\":\"WebPage\",\"@id\":\"https:\/\/www.uniroma3.it\/int\/education\/study-programmes\/study-programmes-in-italian\/masters-degree\/history-and-societies\/\",\"url\":\"https:\/\/www.uniroma3.it\/int\/education\/study-programmes\/study-programmes-in-italian\/masters-degree\/history-and-societies\/\",\"name\":\"History and Societies\"}}]}]}<\/script>\n<!-- \/ Yoast SEO plugin. -->","_links":{"self":[{"href":"https:\/\/www.uniroma3.it\/int\/wp-json\/wp\/v2\/pages\/1504"}],"collection":[{"href":"https:\/\/www.uniroma3.it\/int\/wp-json\/wp\/v2\/pages"}],"about":[{"href":"https:\/\/www.uniroma3.it\/int\/wp-json\/wp\/v2\/types\/page"}],"author":[{"embeddable":true,"href":"https:\/\/www.uniroma3.it\/int\/wp-json\/wp\/v2\/users\/7"}],"replies":[{"embeddable":true,"href":"https:\/\/www.uniroma3.it\/int\/wp-json\/wp\/v2\/comments?post=1504"}],"version-history":[{"count":4,"href":"https:\/\/www.uniroma3.it\/int\/wp-json\/wp\/v2\/pages\/1504\/revisions"}],"predecessor-version":[{"id":1511,"href":"https:\/\/www.uniroma3.it\/int\/wp-json\/wp\/v2\/pages\/1504\/revisions\/1511"}],"up":[{"embeddable":true,"href":"https:\/\/www.uniroma3.it\/int\/wp-json\/wp\/v2\/pages\/314"}],"wp:attachment":[{"href":"https:\/\/www.uniroma3.it\/int\/wp-json\/wp\/v2\/media?parent=1504"}],"curies":[{"name":"wp","href":"https:\/\/api.w.org\/{rel}","templated":true}]}}