{"id":2322,"date":"2025-10-24T18:11:59","date_gmt":"2025-10-24T17:11:59","guid":{"rendered":"https:\/\/www.uniroma3.it\/int\/?page_id=2322"},"modified":"2025-10-24T18:38:21","modified_gmt":"2025-10-24T17:38:21","slug":"political-studies","status":"publish","type":"page","link":"https:\/\/www.uniroma3.it\/int\/education\/study-programmes\/study-programmes-in-italian\/phd-programmes\/political-studies\/","title":{"rendered":"Political Studies"},"content":{"rendered":"\n\n\t<h2>Political Studies<\/h2>\n<p>The PhD in Political Studies offers a range of doctoral courses in the area of the social sciences (history of economic thought; history; cultural studies; international law; sociology; political science). The PhD has two different Curricula (&#8220;Gender Studies&#8221;, and &#8220;European and International Studies&#8221;) which welcome the application of international students. To encourage their application, the Curriculum of &#8220;European and International Studies&#8221; give the possibility to foreign students who have a foreign degree and have their residency out of Italy to give their oral exam online. The Doctoral Program offers a variety of courses training students for a wide range of professional arenas. Doctoral students will also have a chance to participate in research projects run by the Department of Political Studies. The PhD Programs of the Curriculum of European and International Studies count roughly 18 doctoral candidates. About 6 defend their dissertations each year. Students are taught and supervised by a faculty of 30 university professors and lecturers, mostly coming from the research community of the Department of Political Studies. The close links between the PhD program and the Department enable young scholars to participate in such activities of the academic community as research groups\/contracts, publications and academic reports. All courses are based on a markedly interdisciplinary approach, with cross-disciplinary seminars and study groups complementing the more specific focus of each program. They are also based on a strong international approach, with some foreign scholars among the professors and a wide range of international visiting professors, the opportunity to do research abroad, and the integration of students into the international community of scholars through lectures, colloquia and international research projects. A number of foreign professors are also invited to sit on PhD committees for the final defense of the dissertations. The PhD program also invites external academics and representatives of the private sector to take part in various activities. Every year, we welcome many visiting professors to teach, take part in various activities and deliver lectures: among them, in the last few years, we have had the pleasure to have Fr\u00e9d\u00e9ric Bozo (Paris 3 &#8211; Sorbonne Nouvelle), Antoine Compagnon (Coll\u00e8ge de France), Matthew Evangelista (Cornell), Francis J. Gavin (MIT), David Holloway (Stanford), Annick Jaulin (Sorbonne), Marc Lazar (SciencesPo), Melvyn Leffler (Virginia), Carme Molinero (Universit\u00e0 Autonoma di Barcellona), Christian Ostermann (Woodrow Wilson Center), Nell Painter (Princeton), Ronald Pruessen (University of Toronto), Matias Spektor (Getulio Vargas Foundation), Jeremy Suri (University of Texas at Austin), Irwin Wall (CaliforniaIrvine), Nicolas Werth (Institut pour l&#8217;histoire du temps pr\u00e9sent), Vladislav Zubok (LSE). Our students have also benefited from exchange programs and research collaboration projects with the following partner Universities and Research Centres in Italy and abroad: -Centro de Estudios Politicos y Constitucionales &#8211; Madrid -CRIE (Centro di ricerca sulle Istituzioni Europee) presso l&#8217;Istituto Universitario Suor Orsola Benincasa &#8211; Napoli -Friedrich SchillerUniversit\u00e4t &#8211; Jena -SciencesPo &#8211; Paris -Scuola Superiore dell&#8217;Amministrazione dell&#8217;Interno &#8211; Roma -The National Security Archives &#8211; Washington -Universidad de Valencia -Universidad Rey Juan Carlos &#8211; Madrid -Universitat Aut\u00f2noma &#8211; Barcelona -Universidad Carlos III -Madrid -Universidad de Castellon -University of Cluj-Napoca -University of Craiova -University of Groningen (Department of Political Sciences) -Universidad de Sevilla (Departemento de Metafisica y Corientes Actuales de la Filosofia, Etica y Filosofia Politica) -Universit\u00e4t Bremen (Department of Political Sciences) -Universit\u00e9 Charles De Gaulle Lille III -Universit\u00e9 Montpellier III Paul Valery (D\u00e9partement de Philosophie) -Universit\u00e9 Nancy -Universit\u00e9 Nantes -Universit\u00e9 Paris I Sorbona (Ecole doctorale en Sciences Politiques \/Ecole Doctorale en Philosophie) -Universit\u00e9 Paris III -Universit\u00e9 Paris XIII (D\u00e9partement d&#8217;Histoire) -University of Leiden (Department of Public Administration) -Woodrow Wilson Center for International Studies. The PhD in Political Studies has joined the &#8220;European Crossdisciplinary Doctoral College of the Social and Human Sciences&#8221; (SHS), a European web of Doctorates and Doctoral Schools which has the goal of developing exchanges among students, promoting best practices in tutoring research, increasing collaboration in multidisciplinary research community. Besides Roma Tre University, the SHS has the following members: Universit\u00e9 Paris 3 &#8211; Sorbonne Nouvelle Oxford Brookes University Helsinki University Tampere University E\u00f6tv\u00f6s Lor\u00e1nd University &#8211; Budapest Central European University &#8211; Budapest Institute for International Studies &#8211; Corvinus University &#8211; Budapest Jagellonian University &#8211; Cracow Charles University &#8211; Prague Institute for History and Political Science &#8211; Bucarest University University of Babe-Bolyai, Cluj-Napoca University of Matej Bel.<\/p>\n<h3>Curricula<\/h3>\n<strong>Curriculum Studi di genere<\/strong><br \/>\ncodice CURR1238<br \/>\n<strong>Curriculum Studi europei ed internazionali<\/strong><br \/>\ncodice CURR1239\n\t<span class=\"screen-reader-text\" id=\"identifier__19551-1\">Link identifier #identifier__19551-1<\/span><a aria-labelledby='identifier__19551-1'  href=\"https:\/\/apps.uniroma3.it\/public\/bando2025\" target=\"_blank\" rel=\"noopener\">Admission Procedures<\/a><br \/>\n<span class=\"screen-reader-text\" id=\"identifier__49366-2\">Link identifier #identifier__49366-2<\/span><a aria-labelledby='identifier__49366-2'  href=\"http:\/\/apps.uniroma3.it\/public\/dottorati\/pdf\/SCIENZE%20POLITICHE_Regolamento%20organizativo.pdf\">Regulation<\/a><br \/>\n<span class=\"screen-reader-text\" id=\"identifier__164448-3\">Link identifier #identifier__164448-3<\/span><a aria-labelledby='identifier__164448-3'  href=\"https:\/\/scienzepolitiche.uniroma3.it\/ricerca\/dottorato-di-ricerca\/\" target=\"_blank\" rel=\"noopener\">Information on the PhD<\/a> in the Department website\n\n","protected":false},"excerpt":{"rendered":"<div class=\"entry-summary\"><div class=\"entry-summary\">\n<p>Political Studies The PhD in Political Studies offers a range of doctoral courses in the area of the<a class=\"moretag\" href=\"https:\/\/www.uniroma3.it\/int\/education\/study-programmes\/study-programmes-in-italian\/phd-programmes\/political-studies\/\"> Read the full article&#8230;<\/a><\/p>\n<\/div>\n<\/div>","protected":false},"author":4,"featured_media":0,"parent":318,"menu_order":0,"comment_status":"closed","ping_status":"closed","template":"","meta":[],"acf":[],"yoast_head":"<!-- This site is optimized with the Yoast SEO plugin v14.8.1 - https:\/\/yoast.com\/wordpress\/plugins\/seo\/ -->\n<title>Political Studies - Roma Tre University<\/title>\n<meta name=\"robots\" content=\"index, follow\" \/>\n<meta name=\"googlebot\" content=\"index, follow, max-snippet:-1, max-image-preview:large, max-video-preview:-1\" \/>\n<meta name=\"bingbot\" content=\"index, follow, max-snippet:-1, max-image-preview:large, max-video-preview:-1\" \/>\n<meta property=\"og:locale\" content=\"en_US\" \/>\n<meta property=\"og:type\" content=\"article\" \/>\n<meta property=\"og:title\" content=\"Political Studies - Roma Tre University\" \/>\n<meta property=\"og:description\" content=\"Political Studies The PhD in Political Studies offers a range of doctoral courses in the area of the Read the full article...\" \/>\n<meta property=\"og:url\" content=\"https:\/\/www.uniroma3.it\/int\/education\/study-programmes\/study-programmes-in-italian\/phd-programmes\/political-studies\/\" \/>\n<meta property=\"og:site_name\" content=\"Roma Tre University\" \/>\n<meta property=\"article:modified_time\" content=\"2025-10-24T17:38:21+00:00\" \/>\n<meta name=\"twitter:card\" content=\"summary_large_image\" \/>\n<script type=\"application\/ld+json\" class=\"yoast-schema-graph\">{\"@context\":\"https:\/\/schema.org\",\"@graph\":[{\"@type\":\"WebSite\",\"@id\":\"https:\/\/www.uniroma3.it\/int\/#website\",\"url\":\"https:\/\/www.uniroma3.it\/int\/\",\"name\":\"Roma Tre University\",\"description\":\"Roma Tre University is a young university, founded with young people in mind. Established in 1992, it has rapidly grown both in terms of student numbers and in the range of academic programmes offered. It currently has 13 departments offering Bachelor&#039;s and Master&#039;s degrees, postgraduate diplomas, advanced training courses, PhD programmes, and schools of specialisation.\",\"potentialAction\":[{\"@type\":\"SearchAction\",\"target\":\"https:\/\/www.uniroma3.it\/int\/?s={search_term_string}\",\"query-input\":\"required name=search_term_string\"}],\"inLanguage\":\"en-US\"},{\"@type\":\"WebPage\",\"@id\":\"https:\/\/www.uniroma3.it\/int\/education\/study-programmes\/study-programmes-in-italian\/phd-programmes\/political-studies\/#webpage\",\"url\":\"https:\/\/www.uniroma3.it\/int\/education\/study-programmes\/study-programmes-in-italian\/phd-programmes\/political-studies\/\",\"name\":\"Political Studies - Roma Tre University\",\"isPartOf\":{\"@id\":\"https:\/\/www.uniroma3.it\/int\/#website\"},\"datePublished\":\"2025-10-24T17:11:59+00:00\",\"dateModified\":\"2025-10-24T17:38:21+00:00\",\"breadcrumb\":{\"@id\":\"https:\/\/www.uniroma3.it\/int\/education\/study-programmes\/study-programmes-in-italian\/phd-programmes\/political-studies\/#breadcrumb\"},\"inLanguage\":\"en-US\",\"potentialAction\":[{\"@type\":\"ReadAction\",\"target\":[\"https:\/\/www.uniroma3.it\/int\/education\/study-programmes\/study-programmes-in-italian\/phd-programmes\/political-studies\/\"]}]},{\"@type\":\"BreadcrumbList\",\"@id\":\"https:\/\/www.uniroma3.it\/int\/education\/study-programmes\/study-programmes-in-italian\/phd-programmes\/political-studies\/#breadcrumb\",\"itemListElement\":[{\"@type\":\"ListItem\",\"position\":1,\"item\":{\"@type\":\"WebPage\",\"@id\":\"https:\/\/www.uniroma3.it\/int\/\",\"url\":\"https:\/\/www.uniroma3.it\/int\/\",\"name\":\"Home\"}},{\"@type\":\"ListItem\",\"position\":2,\"item\":{\"@type\":\"WebPage\",\"@id\":\"https:\/\/www.uniroma3.it\/int\/education\/\",\"url\":\"https:\/\/www.uniroma3.it\/int\/education\/\",\"name\":\"Education\"}},{\"@type\":\"ListItem\",\"position\":3,\"item\":{\"@type\":\"WebPage\",\"@id\":\"https:\/\/www.uniroma3.it\/int\/education\/study-programmes\/\",\"url\":\"https:\/\/www.uniroma3.it\/int\/education\/study-programmes\/\",\"name\":\"Study Programmes\"}},{\"@type\":\"ListItem\",\"position\":4,\"item\":{\"@type\":\"WebPage\",\"@id\":\"https:\/\/www.uniroma3.it\/int\/education\/study-programmes\/study-programmes-in-italian\/\",\"url\":\"https:\/\/www.uniroma3.it\/int\/education\/study-programmes\/study-programmes-in-italian\/\",\"name\":\"Study Programmes in Italian\"}},{\"@type\":\"ListItem\",\"position\":5,\"item\":{\"@type\":\"WebPage\",\"@id\":\"https:\/\/www.uniroma3.it\/int\/education\/study-programmes\/study-programmes-in-italian\/phd-programmes\/\",\"url\":\"https:\/\/www.uniroma3.it\/int\/education\/study-programmes\/study-programmes-in-italian\/phd-programmes\/\",\"name\":\"PhD Programmes\"}},{\"@type\":\"ListItem\",\"position\":6,\"item\":{\"@type\":\"WebPage\",\"@id\":\"https:\/\/www.uniroma3.it\/int\/education\/study-programmes\/study-programmes-in-italian\/phd-programmes\/political-studies\/\",\"url\":\"https:\/\/www.uniroma3.it\/int\/education\/study-programmes\/study-programmes-in-italian\/phd-programmes\/political-studies\/\",\"name\":\"Political Studies\"}}]}]}<\/script>\n<!-- \/ Yoast SEO plugin. -->","_links":{"self":[{"href":"https:\/\/www.uniroma3.it\/int\/wp-json\/wp\/v2\/pages\/2322"}],"collection":[{"href":"https:\/\/www.uniroma3.it\/int\/wp-json\/wp\/v2\/pages"}],"about":[{"href":"https:\/\/www.uniroma3.it\/int\/wp-json\/wp\/v2\/types\/page"}],"author":[{"embeddable":true,"href":"https:\/\/www.uniroma3.it\/int\/wp-json\/wp\/v2\/users\/4"}],"replies":[{"embeddable":true,"href":"https:\/\/www.uniroma3.it\/int\/wp-json\/wp\/v2\/comments?post=2322"}],"version-history":[{"count":5,"href":"https:\/\/www.uniroma3.it\/int\/wp-json\/wp\/v2\/pages\/2322\/revisions"}],"predecessor-version":[{"id":2334,"href":"https:\/\/www.uniroma3.it\/int\/wp-json\/wp\/v2\/pages\/2322\/revisions\/2334"}],"up":[{"embeddable":true,"href":"https:\/\/www.uniroma3.it\/int\/wp-json\/wp\/v2\/pages\/318"}],"wp:attachment":[{"href":"https:\/\/www.uniroma3.it\/int\/wp-json\/wp\/v2\/media?parent=2322"}],"curies":[{"name":"wp","href":"https:\/\/api.w.org\/{rel}","templated":true}]}}